{"id":2167,"date":"2025-01-15T06:16:29","date_gmt":"2025-01-15T06:16:29","guid":{"rendered":"https:\/\/leanovationlab.com\/politica-de-privacidad\/"},"modified":"2025-03-19T21:34:38","modified_gmt":"2025-03-19T21:34:38","slug":"politica-de-privacidad","status":"publish","type":"page","link":"https:\/\/leanovationlab.com\/es\/politica-de-privacidad\/","title":{"rendered":"Pol\u00edtica de privacidad"},"content":{"rendered":"\t\t<div data-elementor-type=\"wp-page\" data-elementor-id=\"2167\" class=\"elementor elementor-2167 elementor-1559\" data-elementor-post-type=\"page\">\n\t\t\t\t<div class=\"elementor-element elementor-element-e60560a e-flex e-con-boxed e-con e-parent\" data-id=\"e60560a\" data-element_type=\"container\" data-e-type=\"container\">\n\t\t\t\t\t<div class=\"e-con-inner\">\n\t\t\t\t<div class=\"elementor-element elementor-element-5a1598e elementor-widget elementor-widget-heading\" data-id=\"5a1598e\" data-element_type=\"widget\" data-e-type=\"widget\" data-widget_type=\"heading.default\">\n\t\t\t\t<div class=\"elementor-widget-container\">\n\t\t\t\t\t<h1 class=\"elementor-heading-title elementor-size-default\">Pol\u00edtica de privacidad<\/h1>\t\t\t\t<\/div>\n\t\t\t\t<\/div>\n\t\t\t\t<div class=\"elementor-element elementor-element-9c9d0ac elementor-widget elementor-widget-text-editor\" data-id=\"9c9d0ac\" data-element_type=\"widget\" data-e-type=\"widget\" data-widget_type=\"text-editor.default\">\n\t\t\t\t<div class=\"elementor-widget-container\">\n\t\t\t\t\t\t\t\t\t<p>En Leanovation Lab nos comprometemos a proteger tus datos personales y tu privacidad. Este aviso describe c\u00f3mo recopilamos, utilizamos, almacenamos y protegemos tu informaci\u00f3n de acuerdo con las leyes aplicables.<\/p>\n<h3>1. Datos que recogemos<\/h3>\n<p>Podemos recopilar informaci\u00f3n personal como tu nombre, correo electr\u00f3nico, n\u00famero de tel\u00e9fono, direcci\u00f3n y cualquier otro dato que decidas compartir con nosotros a trav\u00e9s de nuestros formularios, encuestas o interacciones en el sitio web.<\/p>\n<h3>2. Uso de la informaci\u00f3n<\/h3>\n<p>La informaci\u00f3n que nos proporciones se utilizar\u00e1 para:<\/p>\n<p>&#8211; Proporcionar los servicios o productos solicitados espec\u00edficamente.<br>&#8211; Enviar informaci\u00f3n relevante sobre nuestras actividades, promociones o noticias.<br>&#8211; Mejorar tu experiencia como usuario en nuestro sitio web.<\/p>\n<h3>3. Protecci\u00f3n de datos<\/h3>\n<p>Aplicamos medidas de seguridad administrativas, t\u00e9cnicas y f\u00edsicas para proteger tus datos contra p\u00e9rdidas, uso indebido, acceso no autorizado o alteraci\u00f3n.<\/p>\n<h3>4. Compartir informaci\u00f3n<\/h3>\n<p>No compartiremos tus datos personales con terceros, excepto cuando lo exija la ley o cuando sea necesario para prestarte un servicio solicitado.<\/p>\n<h3>5. Derechos del propietario<\/h3>\n<p>Tienes derecho a acceder, rectificar, cancelar u oponerte al uso de tus datos personales. Para ejercer estos derechos, ponte en contacto con nosotros en info@leanovationlab.com.<\/p>\n<h3>6. Cambios en el aviso de privacidad<\/h3>\n<p>Nos reservamos el derecho a actualizar este aviso en cualquier momento. Te notificaremos cualquier cambio publicando la versi\u00f3n actualizada en este sitio web.<\/p>\n<h3>7. Contacta con<\/h3>\n<p>info@leanovationlab.com<br>+1 619-992-2467<\/p>\n<p>\u00daltima actualizaci\u00f3n: Enero de 2025<\/p>\n<p>Leanovation Lab aprecia tu confianza y se compromete a proteger tu privacidad.<\/p>\t\t\t\t\t\t\t\t<\/div>\n\t\t\t\t<\/div>\n\t\t\t\t\t<\/div>\n\t\t\t\t<\/div>\n\t\t\t\t<\/div>\n\t\t","protected":false},"excerpt":{"rendered":"<p>Pol\u00edtica de privacidad En Leanovation Lab nos comprometemos a proteger tus datos personales y tu privacidad. Este aviso describe c\u00f3mo recopilamos, utilizamos, almacenamos y protegemos tu informaci\u00f3n de acuerdo con las leyes aplicables. 1. Datos que recogemos Podemos recopilar informaci\u00f3n personal como tu nombre, correo electr\u00f3nico, n\u00famero de tel\u00e9fono, direcci\u00f3n y cualquier otro dato que [&hellip;]<\/p>\n","protected":false},"author":1,"featured_media":0,"parent":0,"menu_order":0,"comment_status":"closed","ping_status":"closed","template":"","meta":{"_monsterinsights_skip_tracking":false,"_monsterinsights_sitenote_active":false,"_monsterinsights_sitenote_note":"","_monsterinsights_sitenote_category":0,"footnotes":""},"class_list":["post-2167","page","type-page","status-publish","hentry"],"_links":{"self":[{"href":"https:\/\/leanovationlab.com\/es\/wp-json\/wp\/v2\/pages\/2167","targetHints":{"allow":["GET"]}}],"collection":[{"href":"https:\/\/leanovationlab.com\/es\/wp-json\/wp\/v2\/pages"}],"about":[{"href":"https:\/\/leanovationlab.com\/es\/wp-json\/wp\/v2\/types\/page"}],"author":[{"embeddable":true,"href":"https:\/\/leanovationlab.com\/es\/wp-json\/wp\/v2\/users\/1"}],"replies":[{"embeddable":true,"href":"https:\/\/leanovationlab.com\/es\/wp-json\/wp\/v2\/comments?post=2167"}],"version-history":[{"count":2,"href":"https:\/\/leanovationlab.com\/es\/wp-json\/wp\/v2\/pages\/2167\/revisions"}],"predecessor-version":[{"id":2169,"href":"https:\/\/leanovationlab.com\/es\/wp-json\/wp\/v2\/pages\/2167\/revisions\/2169"}],"wp:attachment":[{"href":"https:\/\/leanovationlab.com\/es\/wp-json\/wp\/v2\/media?parent=2167"}],"curies":[{"name":"wp","href":"https:\/\/api.w.org\/{rel}","templated":true}]}}